{"id":15578,"date":"2019-01-11T13:47:49","date_gmt":"2019-01-11T12:47:49","guid":{"rendered":"http:\/\/greenyogabcn.com\/?page_id=15578"},"modified":"2023-04-09T14:34:54","modified_gmt":"2023-04-09T12:34:54","slug":"startseite","status":"publish","type":"page","link":"https:\/\/greenyogabcn.com\/de\/","title":{"rendered":"Startseite"},"content":{"rendered":"<p>\u200bIch begleite und unterrichte <strong>Berufst\u00e4tige mit wenig Zeit<\/strong><\/p>\n<p>\u200bund helfe ihnen dabei, auf ihre Gesundheit zu achten und ihre <strong>Leistung, Konzentration und Lebensqualit\u00e4t <\/strong>zu steigern.<\/p>\n<p>Erlaube mir, folgende Fragen zu stellen:<\/p>\n<ul>\n<li><span>\u200b\u200bF\u00fchlst Du Dich oft m\u00fcde oder schwach?<\/span><\/li>\n<li><span>\u200bF\u00e4llt es Dir schwer, nachts einzuschlafen und bist oft nerv\u00f6s?<\/span><\/li>\n<li><span>\u200bLeidest Du regelm\u00e4\u00dfig an R\u00fcckenschmerzen?<\/span><\/li>\n<li><span>\u200bF\u00fchlst Du dich steif und wenig agil?<\/span><\/li>\n<\/ul>\n<p><span style=\"width: 100%;\"><img loading=\"lazy\" decoding=\"async\" alt=\"\" title=\"foto Home YO\" data-id=\"15665\" src=\"\/\/greenyogabcn.com\/wp-content\/uploads\/2019\/01\/foto-Home-YO.jpg\" style=\"width: 100%;\" width=\"400\" height=\"400\"><\/span><\/p>\n<p>Du bist nicht allein, ich habe alles das und vieles mehr selbst erlebt!<\/p>\n<p>Mein Name ist Aridane und ich bin zertifizierte Yogalehrerin. Gerade weil ich diese Situationen perfekt kenne und es geschafft habe, diese zu \u00fcberwinden und mein Berufsleben mit einem ges\u00fcnderen Lebensstil zu vereinbaren, m\u00f6chte ich\u200b Dir \u200bmeine Methode zeigen, damit auch Du \u200beine bessere Lebensqualit\u00e4t erh\u00e4ltst.<\/p>\n<p>Du wirst folgende Vorteile genie\u00dfen, wenn Du meine Kurse regelm\u00e4\u00dfig besuchst:<\/p>\n<ul>\n<li><span>\u200b<strong>\u200bMinderung oder Heilung von R\u00fcckenschmerzen<\/strong><\/span><\/li>\n<li><span>\u200bD\u200bMinderung oder Heilung <strong>von Gelenkschmerzen<\/strong><\/span><\/li>\n<li><span>\u200b<strong>\u200bMehr Energie <\/strong>und <strong>Konzentrationsf\u00e4higkeit<\/strong><\/span><\/li>\n<li><span>\u200bMehr Sicherheit mit dem eigenen K\u00f6rper<\/span><\/li>\n<li><span><strong>\u200bBesserer Schlaf <\/strong>und <strong>Erholung<\/strong><\/span><\/li>\n<li><span><span><strong>\u200bBessere Stimmung<\/strong><\/span><\/span><\/li>\n<li><span><strong>\u200bMehr Ruhe <\/strong>und <strong>Gelassenheit<\/strong><\/span><\/li>\n<\/ul>\n<p><span style=\"width: 100%;\"><img loading=\"lazy\" decoding=\"async\" alt=\"\" title=\"uttanasana\" data-id=\"15669\" src=\"\/\/greenyogabcn.com\/wp-content\/uploads\/2019\/01\/uttanasana_3.jpg\" style=\"width: 100%;\" width=\"963\" height=\"759\"><\/span><\/p>\n<p style=\"text-align: center;\">\u200b\u200b<span>\u200b \u200bWeil..,&nbsp; <\/span><em><span>\u200b<\/span><\/em>\u201eJe weniger Zeit wir haben, um uns selbst zu k\u00fcmmern, desto mehr sollten wir es tun.\u201c<\/p>\n<p>Herzlich willkommen bei GreenYogaBcn und meinen wunderbaren Yogastunden, ohne Weihrauch, ohne Gesang (den om si ;)). Ich zeige Dir die Stellungen, die f\u00fcr Dich am besten sind, und werde sie nicht nur einmal korrigieren, sondern immer. Glaub mir, Du wirst den Unterschied sp\u00fcren und die Ergebnisse werden f\u00fcr sich sprechen.<\/p>\n<p>Ich bin zufrieden und freue mich, die Verbesserung, die meine Teilnehmer sogar schon nach nur wenigen Stunden sp\u00fcren, zu sehen und zu erfahren.<\/p>\n<p>Denk nicht weiter dar\u00fcber nach, st\u00f6bere ein bisschen auf der Seite \u00fcber mich und wenn Du ein gutes Gef\u00fchl hast, dann geh auf die Kontakt Seite und ruf mich an, um Deine erste kostenlose Stunde zu reservieren. Du hast nichts zu verlieren und kannst eine ganze Menge gewinnen!<\/p>\n","protected":false},"excerpt":{"rendered":"<p>\u200bIch begleite und unterrichte Berufst\u00e4tige mit wenig Zeit \u200bund helfe ihnen dabei, auf ihre Gesundheit zu achten und ihre Leistung, Konzentration und Lebensqualit\u00e4t zu steigern. Erlaube mir, folgende Fragen zu stellen: \u200b\u200bF\u00fchlst Du Dich oft m\u00fcde oder schwach? \u200bF\u00e4llt es Dir schwer, nachts einzuschlafen und bist oft nerv\u00f6s? \u200bLeidest Du regelm\u00e4\u00dfig an R\u00fcckenschmerzen? \u200bF\u00fchlst Du [&hellip;]<\/p>\n","protected":false},"author":1,"featured_media":0,"parent":0,"menu_order":0,"comment_status":"closed","ping_status":"closed","template":"","meta":{"site-sidebar-layout":"no-sidebar","site-content-layout":"plain-container","ast-site-content-layout":"default","site-content-style":"default","site-sidebar-style":"default","ast-global-header-display":"","ast-banner-title-visibility":"","ast-main-header-display":"","ast-hfb-above-header-display":"","ast-hfb-below-header-display":"","ast-hfb-mobile-header-display":"","site-post-title":"disabled","ast-breadcrumbs-content":"","ast-featured-img":"disabled","footer-sml-layout":"","ast-disable-related-posts":"","theme-transparent-header-meta":"default","adv-header-id-meta":"","stick-header-meta":"","header-above-stick-meta":"","header-main-stick-meta":"","header-below-stick-meta":"","astra-migrate-meta-layouts":"default","ast-page-background-enabled":"default","ast-page-background-meta":{"desktop":{"background-color":"","background-image":"","background-repeat":"repeat","background-position":"center center","background-size":"auto","background-attachment":"scroll","background-type":"","background-media":"","overlay-type":"","overlay-color":"","overlay-opacity":"","overlay-gradient":""},"tablet":{"background-color":"","background-image":"","background-repeat":"repeat","background-position":"center center","background-size":"auto","background-attachment":"scroll","background-type":"","background-media":"","overlay-type":"","overlay-color":"","overlay-opacity":"","overlay-gradient":""},"mobile":{"background-color":"","background-image":"","background-repeat":"repeat","background-position":"center center","background-size":"auto","background-attachment":"scroll","background-type":"","background-media":"","overlay-type":"","overlay-color":"","overlay-opacity":"","overlay-gradient":""}},"ast-content-background-meta":{"desktop":{"background-color":"var(--ast-global-color-5)","background-image":"","background-repeat":"repeat","background-position":"center center","background-size":"auto","background-attachment":"scroll","background-type":"","background-media":"","overlay-type":"","overlay-color":"","overlay-opacity":"","overlay-gradient":""},"tablet":{"background-color":"var(--ast-global-color-5)","background-image":"","background-repeat":"repeat","background-position":"center center","background-size":"auto","background-attachment":"scroll","background-type":"","background-media":"","overlay-type":"","overlay-color":"","overlay-opacity":"","overlay-gradient":""},"mobile":{"background-color":"var(--ast-global-color-5)","background-image":"","background-repeat":"repeat","background-position":"center center","background-size":"auto","background-attachment":"scroll","background-type":"","background-media":"","overlay-type":"","overlay-color":"","overlay-opacity":"","overlay-gradient":""}},"footnotes":""},"class_list":["post-15578","page","type-page","status-publish","hentry"],"yoast_head":"<!-- This site is optimized with the Yoast SEO plugin v27.4 - https:\/\/yoast.com\/product\/yoast-seo-wordpress\/ -->\n<title>Startseite - Green Yoga Barcelona<\/title>\n<meta name=\"robots\" content=\"index, follow, max-snippet:-1, max-image-preview:large, max-video-preview:-1\" \/>\n<link rel=\"canonical\" href=\"https:\/\/greenyogabcn.com\/de\/\" \/>\n<meta property=\"og:locale\" content=\"de_DE\" \/>\n<meta property=\"og:type\" content=\"article\" \/>\n<meta property=\"og:title\" content=\"Startseite - Green Yoga Barcelona\" \/>\n<meta property=\"og:description\" content=\"\u200bIch begleite und unterrichte Berufst\u00e4tige mit wenig Zeit \u200bund helfe ihnen dabei, auf ihre Gesundheit zu achten und ihre Leistung, Konzentration und Lebensqualit\u00e4t zu steigern. Erlaube mir, folgende Fragen zu stellen: \u200b\u200bF\u00fchlst Du Dich oft m\u00fcde oder schwach? \u200bF\u00e4llt es Dir schwer, nachts einzuschlafen und bist oft nerv\u00f6s? \u200bLeidest Du regelm\u00e4\u00dfig an R\u00fcckenschmerzen? \u200bF\u00fchlst Du [&hellip;]\" \/>\n<meta property=\"og:url\" content=\"https:\/\/greenyogabcn.com\/de\/\" \/>\n<meta property=\"og:site_name\" content=\"Green Yoga Barcelona\" \/>\n<meta property=\"article:modified_time\" content=\"2023-04-09T12:34:54+00:00\" \/>\n<meta name=\"twitter:card\" content=\"summary_large_image\" \/>\n<meta name=\"twitter:label1\" content=\"Est. reading time\" \/>\n\t<meta name=\"twitter:data1\" content=\"2 minutes\" \/>\n<script type=\"application\/ld+json\" class=\"yoast-schema-graph\">{\"@context\":\"https:\\\/\\\/schema.org\",\"@graph\":[{\"@type\":\"WebPage\",\"@id\":\"https:\\\/\\\/greenyogabcn.com\\\/de\\\/\",\"url\":\"https:\\\/\\\/greenyogabcn.com\\\/de\\\/\",\"name\":\"Startseite - Green Yoga Barcelona\",\"isPartOf\":{\"@id\":\"https:\\\/\\\/greenyogabcn.com\\\/#website\"},\"datePublished\":\"2019-01-11T12:47:49+00:00\",\"dateModified\":\"2023-04-09T12:34:54+00:00\",\"breadcrumb\":{\"@id\":\"https:\\\/\\\/greenyogabcn.com\\\/de\\\/#breadcrumb\"},\"inLanguage\":\"de-DE\",\"potentialAction\":[{\"@type\":\"ReadAction\",\"target\":[\"https:\\\/\\\/greenyogabcn.com\\\/de\\\/\"]}]},{\"@type\":\"BreadcrumbList\",\"@id\":\"https:\\\/\\\/greenyogabcn.com\\\/de\\\/#breadcrumb\",\"itemListElement\":[{\"@type\":\"ListItem\",\"position\":1,\"name\":\"Home\",\"item\":\"https:\\\/\\\/greenyogabcn.com\\\/de\\\/\"},{\"@type\":\"ListItem\",\"position\":2,\"name\":\"Startseite\"}]},{\"@type\":\"WebSite\",\"@id\":\"https:\\\/\\\/greenyogabcn.com\\\/#website\",\"url\":\"https:\\\/\\\/greenyogabcn.com\\\/\",\"name\":\"Green Yoga Barcelona\",\"description\":\"Clases de yoga en Barcelona\",\"publisher\":{\"@id\":\"https:\\\/\\\/greenyogabcn.com\\\/#organization\"},\"potentialAction\":[{\"@type\":\"SearchAction\",\"target\":{\"@type\":\"EntryPoint\",\"urlTemplate\":\"https:\\\/\\\/greenyogabcn.com\\\/?s={search_term_string}\"},\"query-input\":{\"@type\":\"PropertyValueSpecification\",\"valueRequired\":true,\"valueName\":\"search_term_string\"}}],\"inLanguage\":\"de-DE\"},{\"@type\":\"Organization\",\"@id\":\"https:\\\/\\\/greenyogabcn.com\\\/#organization\",\"name\":\"Green Yoga Barcelona\",\"url\":\"https:\\\/\\\/greenyogabcn.com\\\/\",\"logo\":{\"@type\":\"ImageObject\",\"inLanguage\":\"de-DE\",\"@id\":\"https:\\\/\\\/greenyogabcn.com\\\/#\\\/schema\\\/logo\\\/image\\\/\",\"url\":\"https:\\\/\\\/greenyogabcn.com\\\/wp-content\\\/uploads\\\/2017\\\/06\\\/Alex.png\",\"contentUrl\":\"https:\\\/\\\/greenyogabcn.com\\\/wp-content\\\/uploads\\\/2017\\\/06\\\/Alex.png\",\"width\":275,\"height\":103,\"caption\":\"Green Yoga Barcelona\"},\"image\":{\"@id\":\"https:\\\/\\\/greenyogabcn.com\\\/#\\\/schema\\\/logo\\\/image\\\/\"}}]}<\/script>\n<!-- \/ Yoast SEO plugin. -->","yoast_head_json":{"title":"Startseite - Green Yoga Barcelona","robots":{"index":"index","follow":"follow","max-snippet":"max-snippet:-1","max-image-preview":"max-image-preview:large","max-video-preview":"max-video-preview:-1"},"canonical":"https:\/\/greenyogabcn.com\/de\/","og_locale":"de_DE","og_type":"article","og_title":"Startseite - Green Yoga Barcelona","og_description":"\u200bIch begleite und unterrichte Berufst\u00e4tige mit wenig Zeit \u200bund helfe ihnen dabei, auf ihre Gesundheit zu achten und ihre Leistung, Konzentration und Lebensqualit\u00e4t zu steigern. Erlaube mir, folgende Fragen zu stellen: \u200b\u200bF\u00fchlst Du Dich oft m\u00fcde oder schwach? \u200bF\u00e4llt es Dir schwer, nachts einzuschlafen und bist oft nerv\u00f6s? \u200bLeidest Du regelm\u00e4\u00dfig an R\u00fcckenschmerzen? \u200bF\u00fchlst Du [&hellip;]","og_url":"https:\/\/greenyogabcn.com\/de\/","og_site_name":"Green Yoga Barcelona","article_modified_time":"2023-04-09T12:34:54+00:00","twitter_card":"summary_large_image","twitter_misc":{"Est. reading time":"2 minutes"},"schema":{"@context":"https:\/\/schema.org","@graph":[{"@type":"WebPage","@id":"https:\/\/greenyogabcn.com\/de\/","url":"https:\/\/greenyogabcn.com\/de\/","name":"Startseite - Green Yoga Barcelona","isPartOf":{"@id":"https:\/\/greenyogabcn.com\/#website"},"datePublished":"2019-01-11T12:47:49+00:00","dateModified":"2023-04-09T12:34:54+00:00","breadcrumb":{"@id":"https:\/\/greenyogabcn.com\/de\/#breadcrumb"},"inLanguage":"de-DE","potentialAction":[{"@type":"ReadAction","target":["https:\/\/greenyogabcn.com\/de\/"]}]},{"@type":"BreadcrumbList","@id":"https:\/\/greenyogabcn.com\/de\/#breadcrumb","itemListElement":[{"@type":"ListItem","position":1,"name":"Home","item":"https:\/\/greenyogabcn.com\/de\/"},{"@type":"ListItem","position":2,"name":"Startseite"}]},{"@type":"WebSite","@id":"https:\/\/greenyogabcn.com\/#website","url":"https:\/\/greenyogabcn.com\/","name":"Green Yoga Barcelona","description":"Clases de yoga en Barcelona","publisher":{"@id":"https:\/\/greenyogabcn.com\/#organization"},"potentialAction":[{"@type":"SearchAction","target":{"@type":"EntryPoint","urlTemplate":"https:\/\/greenyogabcn.com\/?s={search_term_string}"},"query-input":{"@type":"PropertyValueSpecification","valueRequired":true,"valueName":"search_term_string"}}],"inLanguage":"de-DE"},{"@type":"Organization","@id":"https:\/\/greenyogabcn.com\/#organization","name":"Green Yoga Barcelona","url":"https:\/\/greenyogabcn.com\/","logo":{"@type":"ImageObject","inLanguage":"de-DE","@id":"https:\/\/greenyogabcn.com\/#\/schema\/logo\/image\/","url":"https:\/\/greenyogabcn.com\/wp-content\/uploads\/2017\/06\/Alex.png","contentUrl":"https:\/\/greenyogabcn.com\/wp-content\/uploads\/2017\/06\/Alex.png","width":275,"height":103,"caption":"Green Yoga Barcelona"},"image":{"@id":"https:\/\/greenyogabcn.com\/#\/schema\/logo\/image\/"}}]}},"_links":{"self":[{"href":"https:\/\/greenyogabcn.com\/de\/wp-json\/wp\/v2\/pages\/15578","targetHints":{"allow":["GET"]}}],"collection":[{"href":"https:\/\/greenyogabcn.com\/de\/wp-json\/wp\/v2\/pages"}],"about":[{"href":"https:\/\/greenyogabcn.com\/de\/wp-json\/wp\/v2\/types\/page"}],"author":[{"embeddable":true,"href":"https:\/\/greenyogabcn.com\/de\/wp-json\/wp\/v2\/users\/1"}],"replies":[{"embeddable":true,"href":"https:\/\/greenyogabcn.com\/de\/wp-json\/wp\/v2\/comments?post=15578"}],"version-history":[{"count":0,"href":"https:\/\/greenyogabcn.com\/de\/wp-json\/wp\/v2\/pages\/15578\/revisions"}],"wp:attachment":[{"href":"https:\/\/greenyogabcn.com\/de\/wp-json\/wp\/v2\/media?parent=15578"}],"curies":[{"name":"wp","href":"https:\/\/api.w.org\/{rel}","templated":true}]}}