{"id":15601,"date":"2019-01-11T14:05:01","date_gmt":"2019-01-11T14:05:01","guid":{"rendered":"http:\/\/greenyogabcn.com\/?page_id=15601"},"modified":"2023-04-09T12:09:23","modified_gmt":"2023-04-09T10:09:23","slug":"uber-mich","status":"publish","type":"page","link":"https:\/\/greenyogabcn.com\/de\/uber-mich\/","title":{"rendered":"\u00dcber mich"},"content":{"rendered":"<h2 style=\"text-align: right;\">\u200b<span>\u200bMein Ziel ist es, Dir zu zeigen, <\/span><span>wie Du <strong>Dich im hektischen Alltag<\/strong> <strong>besser <\/strong><\/span><span><strong>um Dich selbst k\u00fcmmern<\/strong> kannst, <\/span><span><\/span><span>damit Du mehr Leistung erbringst und <\/span><span>eine bessere Lebensqualit\u00e4t erh\u00e4ltst<\/span><span> \u200b<\/span><\/h2>\n<p>F\u00fcr mich ist es nicht nur absolut <strong>m\u00f6glich<\/strong>, sondern unbedingt<strong> notwendig<\/strong>, das <strong>Berufsleben mit Yoga zu verbinden<\/strong> und neue, <strong>gesunde Gewohnheiten<\/strong> im Alltag zu <strong>integrieren<\/strong>.<\/p>\n<p>Die Zeit dazu findet sich. Es ist nur eine Frage der Priorit\u00e4ten. Ich bin der Beweis, dass es m\u00f6glich ist.<\/p>\n<h2 style=\"text-align: center;\">\u200b\u200bEine Yogastunde:<\/h2>\n<ul>\n<li><span>\u200bEine <b>Yogastunde<\/b> sollte weder zu ernst noch zu feierlich, sondern <b>angenehm sein und Spa\u00df bringen<\/b>, um danach gl\u00fccklich und mit aufgefrischter Energie den Raum zu verlassen.<\/span><\/li>\n<li><span>\u200b<span>\u200bUm von einer Yogastunde zu profitieren, brauchen wir <strong>nicht tausend verschiedene Stellungen<\/strong> einzunehmen, <strong>noch m\u00fcssen diese kompliziert oder akrobatisch sein<\/strong>. Die klassischen und praktischen Stellungen regelm\u00e4\u00dfig durchgef\u00fchrt, ist genau das, was wir brauchen. &nbsp;<\/span><\/span><\/li>\n<li><span>\u200b<span>\u200bIn unserem Alltag vernachl\u00e4ssigen wir die <strong>Atmung<\/strong>, wobei diese die Basis unseres Organismus ist. Daher lege ich <strong>sehr gro\u00dfen Wert<\/strong> auf die richtige Atmung in meinem Yogaunterricht.&nbsp;<\/span><\/span><\/li>\n<\/ul>\n<h2>\u200bM\u200beine Teilnehmer:<\/h2>\n<p>\u200b<strong>\u200b<strong>F\u00fcr mich ist jeder Teilnehmer besonders und einmali<\/strong>g, <\/strong>und auch wenn es Gruppenstunden sind, <strong>helfe ich jedem einzelnen Teilnehmer bei der Einnahme der richtigen Stellung<\/strong>. Durch eigene Erfahrung wei\u00df ich, dass dies den wahren Unterschied macht und der schnellste Weg ist Ergebnisse zu erhalten.<\/p>\n<p>\u200bF\u00fcr Dich w\u00fcnsche ich schnelle Ergebnisse, so wie auch ich sie seinerzeit erhalten habe und noch immer t\u00e4glich erreiche.<\/p>\n<p>Daher werden in meinen Yoga Sessions Ergebnisse schnell wahrgenommen. <strong>Mehr Gelassenheit, um die t\u00e4glichen Herausforderungen zu \u200bbew\u00e4ltigen<\/strong>, <strong>besser zu schlafen<\/strong>, bis hin zu dem wunderbaren Gef\u00fchl, sich nicht nur <strong>agiler und flexibler<\/strong>, sondern auch <strong>k\u00f6rperlich st\u00e4rker<\/strong> und <strong>geistig zentrierter<\/strong> zu f\u00fchlen.<\/p>\n<p>Ich freue mich \u00fcber jeden Fortschritt meiner Teilnehmer, jede Verbesserung motiviert mich und auch Dich weiterzumachen.<\/p>\n<p>Dar\u00fcber hinaus strebe ich an, dass die Erfahrung meiner Teilnehmer angenehm und entspannend ist, sodass alle Teilnehmer au\u00dferhalb des Unterrichts positive Ver\u00e4nderungen, <strong>k\u00f6rperlich und sogar emotionale Verbesserungen<\/strong> wahrnehmen. <strong>Und das erreichen wir gemeinsam<\/strong>!<\/p>\n<h2><strong>\u200bBerufliche Biografie<\/strong><\/h2>\n<p>\u200bZu meinen \u00fcberragenden Qualifikationen z\u00e4hlt die <strong>internationale Zertifizierung der Yoga Alliance<\/strong> (200 Std.) und das <strong>Advanced Orthos Yoga Programm<\/strong> (500 Std. + 120 Std.), die zum <strong>Programm der offiziellen Professionalit\u00e4tszertifizierung des Staates<\/strong> geh\u00f6ren. (Beide Ausbildungen wurden mit der h\u00f6chsten Bewertung abgeschlossen.)<\/p>\n<p>Dar\u00fcber hinaus verf\u00fcge ich \u00fcber das Orthos <strong>physische Konditions- und Sporttraining<\/strong> Diplom (200 Std.), das mich zur Konditionstrainerin bef\u00e4higt.<\/p>\n<p>Zus\u00e4tzlich besitze ich das<strong> Akupunktur-MTC Diplom<\/strong> und Diplom der <strong>Pflanzenheilkunde<\/strong> des <em>Heilpraktiker Instituts<\/em>, deren klinische F\u00e4cher denen des deutschen offiziellen Programms entsprechen.<\/p>\n<p>Vor Kurzem habe ich den Titel als Experte in <strong>Ern\u00e4hrung und Di\u00e4tetik<\/strong> der Universit\u00e4t <em>Unir<\/em> erhalten.<\/p>\n<p>\u200bPraktische <em>Herbodi\u00e4tetik<\/em> und nat\u00fcrliche K\u00fcche an der <em>Ana Moreno Schule.<\/em><\/p>\n<p>Zurzeit studiere ich den <strong>Master in Kochen und vegetarischer Ern\u00e4hrung<\/strong> an der <em>Ana Moreno Schule<\/em>.<\/p>\n<p>F\u00fcr alle Neugierigen unter den Lesern, meine urspr\u00fcngliche Universit\u00e4tsausbildung ist Anglo-Germanische Philologie an der <em>Universit\u00e4t von Barcelona<\/em>.<\/p>\n<h2>\u200b<span>\u200bPers\u00f6nliche Biografie<span>\u200b\u200b\u200b<\/span>\u200b\u200b<\/span><\/h2>\n<p><strong>Vor einigen Jahren, <\/strong>als ich von Norddeutschland mit dem Auto nach Spanien fuhr,<strong> <\/strong>erlitt ich kurz vor Barcelona einen <strong>Autounfall<\/strong> (Grund: M\u00fcdigkeitserscheinung). Das Auto war schrottreif und ich selbst begann noch <strong>am selben Nachmittag,<\/strong> wie eine Besessene, an meinem Laptop zu <strong>arbeiten<\/strong>.<\/p>\n<p>Dieser Unfall war jedoch entscheidend in meinem Leben. Ich erkannte, dass etwas in meinem Leben nicht stimmte, ich keine Lebensqualit\u00e4t hatte und unbedingt etwas \u00e4ndern musste.<\/p>\n<p>Ich lebte und arbeitete in der sch\u00f6nen Stadt Hamburg, wo ich f\u00fcr die spanische Abteilung eines internationalen Informatikunternehmens jahrelang verantwortlich war. Ich widmete mich mit Leib und Seele meiner Arbeit und ich muss sagen, dass ich sehr stolz auf meine dort geleistete Arbeit bin.<\/p>\n<p>Doch der <strong>Druck eines Unternehmens dieser Gr\u00f6\u00dfe hinterl\u00e4sst Spuren<\/strong> in der Gesundheit. Ich f\u00fchlte mich immer <strong>ersch\u00f6pft, arbeitete viele Stunden, schlief wenig und war st\u00e4ndig erk\u00e4ltet<\/strong>. Dar\u00fcber hinaus begann mich alles emotional zu sehr zu beeinflussen. &nbsp;<\/p>\n<p>Schon damals hatte mich die Welt der Naturtherapien sehr interessiert und au\u00dferdem befand ich mich in einem der L\u00e4nder, die der Naturheilkunde gro\u00dfe Bedeutung beimessen. Allerdings begann ich erst mich mit dem Thema n\u00e4her zu befassen, als ich zur\u00fcck in meine geliebte Heimatstadt Barcelona kehrte.<\/p>\n<p>Nach dem Unfall begann ich, Naturtherapien zu studieren und zur gleichen Zeit nahm ich nach und nach meine sportlichen Aktivit\u00e4ten wieder auf.&nbsp; T\u00e4glich f\u00fchlte ich mich etwas besser, doch was wirklich mein Leben \u00e4nderte, war die Praxis von Yoga.<\/p>\n<p>Ich hatte schon <strong>als Kind unter Atemprobleme zu leiden<\/strong>. Ich war st\u00e4ndig erk\u00e4ltet, und obwohl ich eine gute Schwimmerin war, hatte ich wegen meiner Atemprobleme, Schwierigkeiten komplette Bahnen zu schwimmen. <strong><\/strong><\/p>\n<p><strong>Seit jedoch Yoga ein Teil meines Lebens<\/strong> ist, hat sich das ge\u00e4ndert. Pl\u00f6tzlich konnte ich komplette Bahnen schwimmen, ohne m\u00fcde zu werden und das Beste war, ich konnte richtig atmen.<\/p>\n<p>Doch das ist nicht alles, <strong>ich begann nachts besser zu schlafen, wachte mit besser Laune auf und hatte tags\u00fcber mehr Energie<\/strong>. Nach und nach nahm ich andere sportliche Aktivit\u00e4ten wieder auf und fing an, mich ges\u00fcnder zu ern\u00e4hren. Die Verbesserungen waren in allen Aspekten meines Lebens deutlich sp\u00fcrbar.<\/p>\n<p>\u200bDas alles hat mich dazu bewegt, mich in <strong>Yoga auszubilden<\/strong> und meine <strong>Weiterbildung in Naturheilkunde, Akupunktur und Ern\u00e4hrungswissenschaft<\/strong> zu beginnen.&nbsp;<\/p>\n<p><strong>Nach und nach setzte ich das Erlernte an mir selbst um, und mein Leben verbesserte sich kontinuierlich. Mein Gewicht regulierte sich, genau wie mein Schlaf, und meine Energie sowie mein Konzentrationsverm\u00f6gen nahmen zu. Meine Nacken- und Hautprobleme verschwanden und meine Stimmung stabilisierte sich.<\/strong><\/p>\n<p style=\"text-align: center;\">\u200bMomentan kombiniere ich meinen Hauptberuf mit den Yoga-Kursen und der Ern\u00e4hrungsberatung. Doch nehme ich die Arbeit nun auf eine andere Art und Weise auf und <strong>wei\u00df von daher aus eigener Erfahrung, dass man eine anspruchsvolle berufliche T\u00e4tigkeit aus\u00fcben und sich gleichzeitig auch gesundheitlich schonen kann<\/strong>. &nbsp;Wenn ich es geschafft habe, meinen Lebensstil zu \u00e4ndern, dann schaffst auch Du es.&nbsp;<\/p>\n<p style=\"text-align: center;\">Ich wei\u00df genau, was es hei\u00dft, in diesem Teufelskreislauf von endlosen Gedanken und Arbeit zu stecken. <em>Keine Zeit zu haben, um ins Fitnessstudio zu gehen oder Essen vorzubereiten und die Mikrowelle herhalten muss&#8230;<\/em>\u200b<em> <\/em><\/p>\n<p style=\"text-align: center;\">Ich habe es selbst erlebt und wei\u00df daher auch, dass dieser Teufelskreislauf gebrochen werden kann! <strong>Ich wei\u00df, dass ein intensives Berufsleben mit einer ausgeglichenen Gesundheit kombiniert werden kann<\/strong>! Viele meiner Teilnehmer und ich selbst sind der Beweis daf\u00fcr.<\/p>\n<p style=\"text-align: center;\">Zu sehen, wie Yoga das Leben meiner Teilnehmer verbessert erf\u00fcllt mich vollst\u00e4ndig und in jeder Hinsicht!<\/p>\n<p style=\"text-align: left;\">Das Beste von allem? Du kannst es auch schaffen, ohne daf\u00fcr jahrelang studieren zu m\u00fcssen, so wie ich es gemacht habe.<\/p>\n<p style=\"text-align: center;\"><em>\u200bWeil&#8230; die Gesundheit ist ein Recht von Geburt an, aber wo es ein Recht gibt, gibt es auch eine Verpflichtung.<\/em><\/p>\n<p>Also, worauf wartest Du noch? Geh auf meine Kontaktseite und ruf mich an oder schreib mir. Ich helfe Dir sehr gerne weiter.<\/p>\n","protected":false},"excerpt":{"rendered":"<p>\u200b\u200bMein Ziel ist es, Dir zu zeigen, wie Du Dich im hektischen Alltag besser um Dich selbst k\u00fcmmern kannst, damit Du mehr Leistung erbringst und eine bessere Lebensqualit\u00e4t erh\u00e4ltst \u200b F\u00fcr mich ist es nicht nur absolut m\u00f6glich, sondern unbedingt notwendig, das Berufsleben mit Yoga zu verbinden und neue, gesunde Gewohnheiten im Alltag zu integrieren. [&hellip;]<\/p>\n","protected":false},"author":1,"featured_media":0,"parent":0,"menu_order":0,"comment_status":"closed","ping_status":"closed","template":"","meta":{"site-sidebar-layout":"no-sidebar","site-content-layout":"plain-container","ast-site-content-layout":"default","site-content-style":"default","site-sidebar-style":"default","ast-global-header-display":"","ast-banner-title-visibility":"","ast-main-header-display":"","ast-hfb-above-header-display":"","ast-hfb-below-header-display":"","ast-hfb-mobile-header-display":"","site-post-title":"disabled","ast-breadcrumbs-content":"","ast-featured-img":"disabled","footer-sml-layout":"","ast-disable-related-posts":"","theme-transparent-header-meta":"default","adv-header-id-meta":"","stick-header-meta":"","header-above-stick-meta":"","header-main-stick-meta":"","header-below-stick-meta":"","astra-migrate-meta-layouts":"default","ast-page-background-enabled":"default","ast-page-background-meta":{"desktop":{"background-color":"","background-image":"","background-repeat":"repeat","background-position":"center center","background-size":"auto","background-attachment":"scroll","background-type":"","background-media":"","overlay-type":"","overlay-color":"","overlay-opacity":"","overlay-gradient":""},"tablet":{"background-color":"","background-image":"","background-repeat":"repeat","background-position":"center center","background-size":"auto","background-attachment":"scroll","background-type":"","background-media":"","overlay-type":"","overlay-color":"","overlay-opacity":"","overlay-gradient":""},"mobile":{"background-color":"","background-image":"","background-repeat":"repeat","background-position":"center center","background-size":"auto","background-attachment":"scroll","background-type":"","background-media":"","overlay-type":"","overlay-color":"","overlay-opacity":"","overlay-gradient":""}},"ast-content-background-meta":{"desktop":{"background-color":"var(--ast-global-color-5)","background-image":"","background-repeat":"repeat","background-position":"center center","background-size":"auto","background-attachment":"scroll","background-type":"","background-media":"","overlay-type":"","overlay-color":"","overlay-opacity":"","overlay-gradient":""},"tablet":{"background-color":"var(--ast-global-color-5)","background-image":"","background-repeat":"repeat","background-position":"center center","background-size":"auto","background-attachment":"scroll","background-type":"","background-media":"","overlay-type":"","overlay-color":"","overlay-opacity":"","overlay-gradient":""},"mobile":{"background-color":"var(--ast-global-color-5)","background-image":"","background-repeat":"repeat","background-position":"center center","background-size":"auto","background-attachment":"scroll","background-type":"","background-media":"","overlay-type":"","overlay-color":"","overlay-opacity":"","overlay-gradient":""}},"footnotes":""},"class_list":["post-15601","page","type-page","status-publish","hentry"],"yoast_head":"<!-- This site is optimized with the Yoast SEO plugin v27.4 - https:\/\/yoast.com\/product\/yoast-seo-wordpress\/ -->\n<title>\u00dcber mich - Green Yoga Barcelona<\/title>\n<meta name=\"robots\" content=\"index, follow, max-snippet:-1, max-image-preview:large, max-video-preview:-1\" \/>\n<link rel=\"canonical\" href=\"https:\/\/greenyogabcn.com\/de\/uber-mich\/\" \/>\n<meta property=\"og:locale\" content=\"de_DE\" \/>\n<meta property=\"og:type\" content=\"article\" \/>\n<meta property=\"og:title\" content=\"\u00dcber mich - Green Yoga Barcelona\" \/>\n<meta property=\"og:description\" content=\"\u200b\u200bMein Ziel ist es, Dir zu zeigen, wie Du Dich im hektischen Alltag besser um Dich selbst k\u00fcmmern kannst, damit Du mehr Leistung erbringst und eine bessere Lebensqualit\u00e4t erh\u00e4ltst \u200b F\u00fcr mich ist es nicht nur absolut m\u00f6glich, sondern unbedingt notwendig, das Berufsleben mit Yoga zu verbinden und neue, gesunde Gewohnheiten im Alltag zu integrieren. [&hellip;]\" \/>\n<meta property=\"og:url\" content=\"https:\/\/greenyogabcn.com\/de\/uber-mich\/\" \/>\n<meta property=\"og:site_name\" content=\"Green Yoga Barcelona\" \/>\n<meta property=\"article:modified_time\" content=\"2023-04-09T10:09:23+00:00\" \/>\n<meta name=\"twitter:card\" content=\"summary_large_image\" \/>\n<meta name=\"twitter:label1\" content=\"Est. reading time\" \/>\n\t<meta name=\"twitter:data1\" content=\"5 minutes\" \/>\n<script type=\"application\/ld+json\" class=\"yoast-schema-graph\">{\"@context\":\"https:\\\/\\\/schema.org\",\"@graph\":[{\"@type\":\"WebPage\",\"@id\":\"https:\\\/\\\/greenyogabcn.com\\\/de\\\/uber-mich\\\/\",\"url\":\"https:\\\/\\\/greenyogabcn.com\\\/de\\\/uber-mich\\\/\",\"name\":\"\u00dcber mich - Green Yoga Barcelona\",\"isPartOf\":{\"@id\":\"https:\\\/\\\/greenyogabcn.com\\\/#website\"},\"datePublished\":\"2019-01-11T14:05:01+00:00\",\"dateModified\":\"2023-04-09T10:09:23+00:00\",\"breadcrumb\":{\"@id\":\"https:\\\/\\\/greenyogabcn.com\\\/de\\\/uber-mich\\\/#breadcrumb\"},\"inLanguage\":\"de-DE\",\"potentialAction\":[{\"@type\":\"ReadAction\",\"target\":[\"https:\\\/\\\/greenyogabcn.com\\\/de\\\/uber-mich\\\/\"]}]},{\"@type\":\"BreadcrumbList\",\"@id\":\"https:\\\/\\\/greenyogabcn.com\\\/de\\\/uber-mich\\\/#breadcrumb\",\"itemListElement\":[{\"@type\":\"ListItem\",\"position\":1,\"name\":\"Home\",\"item\":\"https:\\\/\\\/greenyogabcn.com\\\/de\\\/\"},{\"@type\":\"ListItem\",\"position\":2,\"name\":\"\u00dcber mich\"}]},{\"@type\":\"WebSite\",\"@id\":\"https:\\\/\\\/greenyogabcn.com\\\/#website\",\"url\":\"https:\\\/\\\/greenyogabcn.com\\\/\",\"name\":\"Green Yoga Barcelona\",\"description\":\"Clases de yoga en Barcelona\",\"publisher\":{\"@id\":\"https:\\\/\\\/greenyogabcn.com\\\/#organization\"},\"potentialAction\":[{\"@type\":\"SearchAction\",\"target\":{\"@type\":\"EntryPoint\",\"urlTemplate\":\"https:\\\/\\\/greenyogabcn.com\\\/?s={search_term_string}\"},\"query-input\":{\"@type\":\"PropertyValueSpecification\",\"valueRequired\":true,\"valueName\":\"search_term_string\"}}],\"inLanguage\":\"de-DE\"},{\"@type\":\"Organization\",\"@id\":\"https:\\\/\\\/greenyogabcn.com\\\/#organization\",\"name\":\"Green Yoga Barcelona\",\"url\":\"https:\\\/\\\/greenyogabcn.com\\\/\",\"logo\":{\"@type\":\"ImageObject\",\"inLanguage\":\"de-DE\",\"@id\":\"https:\\\/\\\/greenyogabcn.com\\\/#\\\/schema\\\/logo\\\/image\\\/\",\"url\":\"https:\\\/\\\/greenyogabcn.com\\\/wp-content\\\/uploads\\\/2017\\\/06\\\/Alex.png\",\"contentUrl\":\"https:\\\/\\\/greenyogabcn.com\\\/wp-content\\\/uploads\\\/2017\\\/06\\\/Alex.png\",\"width\":275,\"height\":103,\"caption\":\"Green Yoga Barcelona\"},\"image\":{\"@id\":\"https:\\\/\\\/greenyogabcn.com\\\/#\\\/schema\\\/logo\\\/image\\\/\"}}]}<\/script>\n<!-- \/ Yoast SEO plugin. -->","yoast_head_json":{"title":"\u00dcber mich - Green Yoga Barcelona","robots":{"index":"index","follow":"follow","max-snippet":"max-snippet:-1","max-image-preview":"max-image-preview:large","max-video-preview":"max-video-preview:-1"},"canonical":"https:\/\/greenyogabcn.com\/de\/uber-mich\/","og_locale":"de_DE","og_type":"article","og_title":"\u00dcber mich - Green Yoga Barcelona","og_description":"\u200b\u200bMein Ziel ist es, Dir zu zeigen, wie Du Dich im hektischen Alltag besser um Dich selbst k\u00fcmmern kannst, damit Du mehr Leistung erbringst und eine bessere Lebensqualit\u00e4t erh\u00e4ltst \u200b F\u00fcr mich ist es nicht nur absolut m\u00f6glich, sondern unbedingt notwendig, das Berufsleben mit Yoga zu verbinden und neue, gesunde Gewohnheiten im Alltag zu integrieren. [&hellip;]","og_url":"https:\/\/greenyogabcn.com\/de\/uber-mich\/","og_site_name":"Green Yoga Barcelona","article_modified_time":"2023-04-09T10:09:23+00:00","twitter_card":"summary_large_image","twitter_misc":{"Est. reading time":"5 minutes"},"schema":{"@context":"https:\/\/schema.org","@graph":[{"@type":"WebPage","@id":"https:\/\/greenyogabcn.com\/de\/uber-mich\/","url":"https:\/\/greenyogabcn.com\/de\/uber-mich\/","name":"\u00dcber mich - Green Yoga Barcelona","isPartOf":{"@id":"https:\/\/greenyogabcn.com\/#website"},"datePublished":"2019-01-11T14:05:01+00:00","dateModified":"2023-04-09T10:09:23+00:00","breadcrumb":{"@id":"https:\/\/greenyogabcn.com\/de\/uber-mich\/#breadcrumb"},"inLanguage":"de-DE","potentialAction":[{"@type":"ReadAction","target":["https:\/\/greenyogabcn.com\/de\/uber-mich\/"]}]},{"@type":"BreadcrumbList","@id":"https:\/\/greenyogabcn.com\/de\/uber-mich\/#breadcrumb","itemListElement":[{"@type":"ListItem","position":1,"name":"Home","item":"https:\/\/greenyogabcn.com\/de\/"},{"@type":"ListItem","position":2,"name":"\u00dcber mich"}]},{"@type":"WebSite","@id":"https:\/\/greenyogabcn.com\/#website","url":"https:\/\/greenyogabcn.com\/","name":"Green Yoga Barcelona","description":"Clases de yoga en Barcelona","publisher":{"@id":"https:\/\/greenyogabcn.com\/#organization"},"potentialAction":[{"@type":"SearchAction","target":{"@type":"EntryPoint","urlTemplate":"https:\/\/greenyogabcn.com\/?s={search_term_string}"},"query-input":{"@type":"PropertyValueSpecification","valueRequired":true,"valueName":"search_term_string"}}],"inLanguage":"de-DE"},{"@type":"Organization","@id":"https:\/\/greenyogabcn.com\/#organization","name":"Green Yoga Barcelona","url":"https:\/\/greenyogabcn.com\/","logo":{"@type":"ImageObject","inLanguage":"de-DE","@id":"https:\/\/greenyogabcn.com\/#\/schema\/logo\/image\/","url":"https:\/\/greenyogabcn.com\/wp-content\/uploads\/2017\/06\/Alex.png","contentUrl":"https:\/\/greenyogabcn.com\/wp-content\/uploads\/2017\/06\/Alex.png","width":275,"height":103,"caption":"Green Yoga Barcelona"},"image":{"@id":"https:\/\/greenyogabcn.com\/#\/schema\/logo\/image\/"}}]}},"_links":{"self":[{"href":"https:\/\/greenyogabcn.com\/de\/wp-json\/wp\/v2\/pages\/15601","targetHints":{"allow":["GET"]}}],"collection":[{"href":"https:\/\/greenyogabcn.com\/de\/wp-json\/wp\/v2\/pages"}],"about":[{"href":"https:\/\/greenyogabcn.com\/de\/wp-json\/wp\/v2\/types\/page"}],"author":[{"embeddable":true,"href":"https:\/\/greenyogabcn.com\/de\/wp-json\/wp\/v2\/users\/1"}],"replies":[{"embeddable":true,"href":"https:\/\/greenyogabcn.com\/de\/wp-json\/wp\/v2\/comments?post=15601"}],"version-history":[{"count":0,"href":"https:\/\/greenyogabcn.com\/de\/wp-json\/wp\/v2\/pages\/15601\/revisions"}],"wp:attachment":[{"href":"https:\/\/greenyogabcn.com\/de\/wp-json\/wp\/v2\/media?parent=15601"}],"curies":[{"name":"wp","href":"https:\/\/api.w.org\/{rel}","templated":true}]}}