{"id":16342,"date":"2023-04-11T08:11:24","date_gmt":"2023-04-11T06:11:24","guid":{"rendered":"https:\/\/greenyogabcn.com\/?page_id=16342"},"modified":"2023-04-11T09:42:53","modified_gmt":"2023-04-11T07:42:53","slug":"aviso-legal","status":"publish","type":"page","link":"https:\/\/greenyogabcn.com\/de\/aviso-legal\/","title":{"rendered":"aviso legal"},"content":{"rendered":"<h2 style=\"text-align: right;\">AVISO LEGAL Y CONDICIONES DE USO<\/h2>\n<h1><span><strong>AVISO LEGAL<\/strong><\/span><\/h1>\n<p align=\"justify\"><span><span><span><span><span><strong>1. DATOS INDENTIFICATIVOS:<\/strong><\/span><\/span><\/span><\/span><\/span><\/p>\n<p style=\"font-size: 14px !important;\" align=\"justify\"><span><span><span><span>Responsable: Aridane Vilardaga Viera (en adelante, www.greenyogabcn.com) con D.N.I n\u00famero 77739409F, y con domicilio a estos efectos en C \/ Enrique Granados, 70. 08008 Barcelona, Espa\u00f1a, telf.: +34 635029141 y correo-e: av@aridanevilardaga.com, es el creador y titular del sitio web&nbsp;<\/span><a href=\"https:\/\/www.ponteahablar.com\/\" rel=\"nofollow noopener\" target=\"_blank\" style=\"outline: none;\"><span>www.greenyogabcn.com<\/span><\/a><span><\/span><span><span>&nbsp;<\/span>en adelante, \u201cel portal o sitio web\u201d.<\/span><\/span><\/span><\/span><\/p>\n<p align=\"justify\"><span><span><span><strong>2. USUARIOS:<\/strong><\/span><\/span><\/span><\/p>\n<p style=\"font-size: 14px !important;\" align=\"justify\"><span><span><span>La utilizaci\u00f3n del presente portal es absolutamente voluntaria y supone la aceptaci\u00f3n plena por quien accede al mismo, en adelante \u201cUsuario\u201d, de todas las condiciones de uso vigentes en cada momento que se encuentren en la presente direcci\u00f3n. <span><span><span><span>www.greenyogabcn.com<\/span><\/span><\/span><\/span> se reserva el derecho a retirar el acceso a la presente p\u00e1gina web, sin necesidad de previo aviso, a cualquier Usuario que contravenga lo dispuesto en estas condiciones de uso. El Usuario tendr\u00e1 la responsabilidad de leer atentamente las presentes condiciones. Las citadas condiciones ser\u00e1n de aplicaci\u00f3n independientemente de las condiciones generales de contrataci\u00f3n que en su caso resulten de obligado cumplimiento.&nbsp;<\/span><\/span><\/span><\/p>\n<p align=\"justify\"><span><span><span><strong>3. USO DEL PORTAL:<\/strong><\/span><\/span><\/span><\/p>\n<p style=\"font-size: 14px !important;\" align=\"justify\"><span><span><span><span><span><span><span>www.greenyogabcn.com<\/span><\/span><\/span><\/span> proporciona el acceso a multitud de informaciones, servicios, programas o datos (en adelante, &#8220;los contenidos&#8221;) en Internet pertenecientes a <span><span><span><span>www.greenyogabcn.com<\/span><\/span><\/span><\/span>. El Usuario asume la responsabilidad del uso del portal. El Usuario se compromete a hacer un uso adecuado de los contenidos y servicios con car\u00e1cter enunciativo pero no limitativo, a no emplearlos para (i) incurrir en actividades il\u00edcitas, ilegales o contrarias a la buena fe y al orden p\u00fablico; (ii) difundir contenidos o propaganda de car\u00e1cter racista, xen\u00f3fobo, pornogr\u00e1fico-ilegal, de apolog\u00eda del terrorismo o atentatorio contra los derechos humanos; (iii) intentar acceder y, en su caso, utilizar las cuentas de correo electr\u00f3nico de otros usuarios y modificarlo manipular sus mensajes.<\/span><\/span><\/span><\/p>\n<p align=\"justify\"><span><span><span><strong>4. POL\u00cdTICA DE PRIVACIDAD: <\/strong><\/span><\/span><\/span><\/p>\n<p style=\"font-size: 14px !important;\" align=\"justify\"><span><span><span>informamos que <span><span><span><span>www.greenyogabcn.com<\/span><\/span><\/span><\/span> cumple con las directrices de la normativa vigente en materia de protecci\u00f3n de datos personales, el Reglamento (UE) 2016\/679 de 27 de abril de 2016 (RGPD), as\u00ed como la LOPD, relativas a la protecci\u00f3n de las personas f\u00edsicas en cuanto al tratamiento de datos personales y a la libre circulaci\u00f3n de estos datos. Para m\u00e1s informaci\u00f3n, ver <a href=\"https:\/\/greenyogabcn.com\/politica-de-privacidad\/\" rel=\"nofollow noopener\" target=\"_blank\" style=\"outline: none;\">Pol\u00edtica de Privacidad<\/a>.<\/span><\/span><\/span><\/p>\n<p align=\"justify\"><span><span><span><strong>5. PROPIEDAD INTELECTUAL E INDUSTRIAL: <\/strong><\/span><\/span><\/span><\/p>\n<p style=\"font-size: 14px !important;\" align=\"justify\"><span><span><span>Los contenidos del sitio web, incluyendo entre otros las im\u00e1genes y los textos de los art\u00edculos, cualesquiera que sea su formato, son propiedad de Aridane Vilardaga, y est\u00e1n protegidos por las leyes y tratados internacionales en materia de propiedad intelectual. En este sentido, queda expresamente prohibido copiar, reproducir, vender, transmitir, distribuir, republicar, modificar o mostrar para su uso comercial sin su previo consentimiento. El Usuario se compromete a respetar los derechos de Propiedad Intelectual e Industrial titularidad de Aridane Vilardaga. Como Usuario puede visualizar los elementos del portal e incluso imprimirlos, copiarlos y almacenarlos en el disco duro del ordenador o en cualquier otro soporte f\u00edsico siempre y cuando sea, \u00fanica y exclusivamente, para el uso personal y privado.<\/span><\/span><\/span><\/p>\n<p align=\"justify\"><span><span><span><strong>6. EXCLUSI\u00d3N DE GARANT\u00cdAS Y RESPONSABILIDAD:<\/strong><\/span><\/span><\/span><\/p>\n<p style=\"font-size: 14px !important;\" align=\"justify\"><span><span><span><span><span><span><span><span><span><span>www.greenyogabcn.com<\/span><\/span><\/span><\/span><\/span><\/span><\/span> no se hace responsable, en ning\u00fan caso, de los da\u00f1os y perjuicios de cualquier naturaleza que pudieran ocasionar, a t\u00edtulo enunciativo: errores u omisiones en los contenidos, falta de disponibilidad del portal o la transmisi\u00f3n de virus o programas maliciosos o lesivos en los contenidos, a pesar de haber adoptado todas las medidas tecnol\u00f3gicas necesarias para evitarlo. Los contenidos de este sitio web se ofrecen con una finalidad informativa y divulgativa. <span><span><span><span><span><span><span>www.greenyogabcn.com<\/span><\/span><\/span><\/span><\/span><\/span><\/span> se exime de cualquier responsabilidad, directa o indirecta, que pudiera derivarse del uso o aplicaci\u00f3n de la informaci\u00f3n de esta web fuera de sus prop\u00f3sitos.<\/span><\/span><\/span><\/p>\n<p align=\"justify\"><span><span><span><strong>7. COOKIES:<\/strong>&nbsp;<\/span><\/span><\/span><\/p>\n<p style=\"font-size: 14px !important;\" align=\"justify\"><span><span><span>El sitio web <span><span><span><span><span><span><span>www.greenyogabcn.com<\/span><\/span><\/span><\/span><\/span><\/span><\/span> utiliza cookies (peque\u00f1os archivos de informaci\u00f3n que el servidor env\u00eda al ordenador de quien accede en la p\u00e1gina) para llevar a cabo determinadas funciones que son consideradas imprescindibles para el correcto funcionamiento y visualizaci\u00f3n del lugar. Para m\u00e1s informaci\u00f3n, ver&nbsp;<\/span><\/span><\/span><a href=\"https:\/\/greenyogabcn.com\/politica-de-cookies\/\" rel=\"nofollow noopener\" target=\"_blank\" style=\"outline: none;\"><span><span><span>Pol\u00edtica de Cookies.<\/span><\/span><\/span><\/a><span><span><span>&nbsp;<\/span><\/span><\/span><\/p>\n<p align=\"justify\"><span><span><span><strong>8. MODIFICACIONES: <\/strong><\/span><\/span><\/span><\/p>\n<p style=\"font-size: 14px !important;\" align=\"justify\"><span><span><span><span><span><span><span><span><span><span><span><span><span>www.greenyogabcn.com<\/span><\/span><\/span><\/span><\/span><\/span><\/span><\/span><\/span><\/span> se reserva el derecho de efectuar sin previo aviso las modificaciones que considere oportunas en su portal.<\/span><\/span><\/span><\/p>\n<p align=\"justify\"><span><span><span><strong>9. ENLACES:<\/strong><\/span><\/span><\/span><\/p>\n<p style=\"font-size: 14px !important;\" align=\"justify\"><span><span><span>En ning\u00fan caso Aridane Vilardaga &nbsp;asumir\u00e1 responsabilidad alguna por los contenidos de alg\u00fan enlace perteneciente a un sitio web ajeno, ni garantizar\u00e1 la disponibilidad t\u00e9cnica, calidad, fiabilidad, exactitud, amplitud, veracidad, validez y constitucionalidad de cualquier material o informaci\u00f3n contenida en este sitio web.<\/span><\/span><\/span><\/p>\n<p align=\"justify\"><span><span><span><strong>10. DERECHO DE EXCLUSI\u00d3N: <\/strong><\/span><\/span><\/span><\/p>\n<p style=\"font-size: 14px !important;\" align=\"justify\"><span><span><span>Aridane Vilardaga &nbsp;&nbsp;se reserva el derecho a denegar o retirar el acceso a portal y\/o los servicios ofrecidos sin necesidad de preaviso, a instancia propia o de un tercero, a aquellos Usuarios que incumplan el presente Aviso Legal.<\/span><\/span><\/span><\/p>\n<p align=\"justify\"><span><span><span><strong>11. GENERALIDADES: <\/strong><\/span><\/span><\/span><\/p>\n<p style=\"font-size: 14px !important;\" align=\"justify\"><span><span><span><span><span><span><span><span><span><span><span><span><span>www.greenyogabcn.com<\/span><\/span><\/span><\/span><\/span><\/span><\/span><\/span><\/span><\/span> perseguir\u00e1 el incumplimiento del presente Aviso Legal as\u00ed como cualquier utilizaci\u00f3n indebida de su portal ejerciendo todas las acciones civiles y penales que le puedan corresponder en derecho.<\/span><\/span><\/span><\/p>\n<p align=\"justify\"><span><span><span><strong>12. MODIFICACI\u00d3N DE LAS PRESENTES CONDICIONES Y DURACI\u00d3N: <\/strong><\/span><\/span><\/span><\/p>\n<p style=\"font-size: 14px !important;\" align=\"justify\"><span><span><span><span><span><span><span><span><span><span><span><span><span>www.greenyogabcn.com<\/span><\/span><\/span><\/span><\/span><\/span><\/span><\/span><\/span><\/span> podr\u00e1 modificar en cualquier momento las condiciones aqu\u00ed determinadas, siendo debidamente publicadas como aqu\u00ed aparecen. La vigencia de las citadas condiciones ir\u00e1 en funci\u00f3n de su exposici\u00f3n y estar\u00e1n vigentes hasta que sean modificadas por otras debidamente publicadas.<\/span><\/span><\/span><\/p>\n<p align=\"justify\"><span><strong>13. LEGISLACI\u00d3N APLICABLE Y JURISDICCI\u00d3N:<\/strong><\/span><\/p>\n<p style=\"font-size: 14px !important;\" align=\"justify\"><span style=\"\">La relaci\u00f3n <span style=\"\"><span style=\"\"><span style=\"\"><span style=\"\"><span style=\"\"><span style=\"\"><span style=\"\"><span style=\"\"><span style=\"\"><span style=\"\">www.greenyogabcn.com<\/span><\/span><\/span><\/span><\/span><\/span><\/span><\/span><\/span><\/span> y el Usuario se regir\u00e1 por la normativa espa\u00f1ola vigente y cualquier controversia se someter\u00e1 a los Juzgados y Tribunales de la ciudad de Barcelona.<\/span><\/p>\n","protected":false},"excerpt":{"rendered":"<p>AVISO LEGAL Y CONDICIONES DE USO AVISO LEGAL 1. DATOS INDENTIFICATIVOS: Responsable: Aridane Vilardaga Viera (en adelante, www.greenyogabcn.com) con D.N.I n\u00famero 77739409F, y con domicilio a estos efectos en C \/ Enrique Granados, 70. 08008 Barcelona, Espa\u00f1a, telf.: +34 635029141 y correo-e: av@aridanevilardaga.com, es el creador y titular del sitio web&nbsp;www.greenyogabcn.com&nbsp;en adelante, \u201cel portal o [&hellip;]<\/p>\n","protected":false},"author":1,"featured_media":0,"parent":0,"menu_order":0,"comment_status":"closed","ping_status":"closed","template":"","meta":{"site-sidebar-layout":"no-sidebar","site-content-layout":"plain-container","ast-site-content-layout":"default","site-content-style":"default","site-sidebar-style":"default","ast-global-header-display":"","ast-banner-title-visibility":"","ast-main-header-display":"","ast-hfb-above-header-display":"","ast-hfb-below-header-display":"","ast-hfb-mobile-header-display":"","site-post-title":"disabled","ast-breadcrumbs-content":"","ast-featured-img":"","footer-sml-layout":"","ast-disable-related-posts":"","theme-transparent-header-meta":"default","adv-header-id-meta":"","stick-header-meta":"default","header-above-stick-meta":"","header-main-stick-meta":"","header-below-stick-meta":"","astra-migrate-meta-layouts":"default","ast-page-background-enabled":"default","ast-page-background-meta":{"desktop":{"background-color":"","background-image":"","background-repeat":"repeat","background-position":"center center","background-size":"auto","background-attachment":"scroll","background-type":"","background-media":"","overlay-type":"","overlay-color":"","overlay-opacity":"","overlay-gradient":""},"tablet":{"background-color":"","background-image":"","background-repeat":"repeat","background-position":"center center","background-size":"auto","background-attachment":"scroll","background-type":"","background-media":"","overlay-type":"","overlay-color":"","overlay-opacity":"","overlay-gradient":""},"mobile":{"background-color":"","background-image":"","background-repeat":"repeat","background-position":"center center","background-size":"auto","background-attachment":"scroll","background-type":"","background-media":"","overlay-type":"","overlay-color":"","overlay-opacity":"","overlay-gradient":""}},"ast-content-background-meta":{"desktop":{"background-color":"var(--ast-global-color-5)","background-image":"","background-repeat":"repeat","background-position":"center center","background-size":"auto","background-attachment":"scroll","background-type":"","background-media":"","overlay-type":"","overlay-color":"","overlay-opacity":"","overlay-gradient":""},"tablet":{"background-color":"var(--ast-global-color-5)","background-image":"","background-repeat":"repeat","background-position":"center center","background-size":"auto","background-attachment":"scroll","background-type":"","background-media":"","overlay-type":"","overlay-color":"","overlay-opacity":"","overlay-gradient":""},"mobile":{"background-color":"var(--ast-global-color-5)","background-image":"","background-repeat":"repeat","background-position":"center center","background-size":"auto","background-attachment":"scroll","background-type":"","background-media":"","overlay-type":"","overlay-color":"","overlay-opacity":"","overlay-gradient":""}},"footnotes":""},"class_list":["post-16342","page","type-page","status-publish","hentry"],"yoast_head":"<!-- This site is optimized with the Yoast SEO plugin v27.4 - https:\/\/yoast.com\/product\/yoast-seo-wordpress\/ -->\n<title>aviso legal - Green Yoga Barcelona<\/title>\n<meta name=\"robots\" content=\"noindex, nofollow\" \/>\n<meta property=\"og:locale\" content=\"de_DE\" \/>\n<meta property=\"og:type\" content=\"article\" \/>\n<meta property=\"og:title\" content=\"aviso legal - Green Yoga Barcelona\" \/>\n<meta property=\"og:description\" content=\"AVISO LEGAL Y CONDICIONES DE USO AVISO LEGAL 1. DATOS INDENTIFICATIVOS: Responsable: Aridane Vilardaga Viera (en adelante, www.greenyogabcn.com) con D.N.I n\u00famero 77739409F, y con domicilio a estos efectos en C \/ Enrique Granados, 70. 08008 Barcelona, Espa\u00f1a, telf.: +34 635029141 y correo-e: av@aridanevilardaga.com, es el creador y titular del sitio web&nbsp;www.greenyogabcn.com&nbsp;en adelante, \u201cel portal o [&hellip;]\" \/>\n<meta property=\"og:url\" content=\"https:\/\/greenyogabcn.com\/de\/aviso-legal\/\" \/>\n<meta property=\"og:site_name\" content=\"Green Yoga Barcelona\" \/>\n<meta property=\"article:modified_time\" content=\"2023-04-11T07:42:53+00:00\" \/>\n<meta name=\"twitter:card\" content=\"summary_large_image\" \/>\n<meta name=\"twitter:label1\" content=\"Est. reading time\" \/>\n\t<meta name=\"twitter:data1\" content=\"4 minutes\" \/>\n<script type=\"application\/ld+json\" class=\"yoast-schema-graph\">{\"@context\":\"https:\\\/\\\/schema.org\",\"@graph\":[{\"@type\":\"WebPage\",\"@id\":\"https:\\\/\\\/greenyogabcn.com\\\/de\\\/aviso-legal\\\/\",\"url\":\"https:\\\/\\\/greenyogabcn.com\\\/de\\\/aviso-legal\\\/\",\"name\":\"aviso legal - Green Yoga Barcelona\",\"isPartOf\":{\"@id\":\"https:\\\/\\\/greenyogabcn.com\\\/#website\"},\"datePublished\":\"2023-04-11T06:11:24+00:00\",\"dateModified\":\"2023-04-11T07:42:53+00:00\",\"breadcrumb\":{\"@id\":\"https:\\\/\\\/greenyogabcn.com\\\/de\\\/aviso-legal\\\/#breadcrumb\"},\"inLanguage\":\"de-DE\",\"potentialAction\":[{\"@type\":\"ReadAction\",\"target\":[\"https:\\\/\\\/greenyogabcn.com\\\/de\\\/aviso-legal\\\/\"]}]},{\"@type\":\"BreadcrumbList\",\"@id\":\"https:\\\/\\\/greenyogabcn.com\\\/de\\\/aviso-legal\\\/#breadcrumb\",\"itemListElement\":[{\"@type\":\"ListItem\",\"position\":1,\"name\":\"Home\",\"item\":\"https:\\\/\\\/greenyogabcn.com\\\/de\\\/\"},{\"@type\":\"ListItem\",\"position\":2,\"name\":\"aviso legal\"}]},{\"@type\":\"WebSite\",\"@id\":\"https:\\\/\\\/greenyogabcn.com\\\/#website\",\"url\":\"https:\\\/\\\/greenyogabcn.com\\\/\",\"name\":\"Green Yoga Barcelona\",\"description\":\"Clases de yoga en Barcelona\",\"publisher\":{\"@id\":\"https:\\\/\\\/greenyogabcn.com\\\/#organization\"},\"potentialAction\":[{\"@type\":\"SearchAction\",\"target\":{\"@type\":\"EntryPoint\",\"urlTemplate\":\"https:\\\/\\\/greenyogabcn.com\\\/?s={search_term_string}\"},\"query-input\":{\"@type\":\"PropertyValueSpecification\",\"valueRequired\":true,\"valueName\":\"search_term_string\"}}],\"inLanguage\":\"de-DE\"},{\"@type\":\"Organization\",\"@id\":\"https:\\\/\\\/greenyogabcn.com\\\/#organization\",\"name\":\"Green Yoga Barcelona\",\"url\":\"https:\\\/\\\/greenyogabcn.com\\\/\",\"logo\":{\"@type\":\"ImageObject\",\"inLanguage\":\"de-DE\",\"@id\":\"https:\\\/\\\/greenyogabcn.com\\\/#\\\/schema\\\/logo\\\/image\\\/\",\"url\":\"https:\\\/\\\/greenyogabcn.com\\\/wp-content\\\/uploads\\\/2017\\\/06\\\/Alex.png\",\"contentUrl\":\"https:\\\/\\\/greenyogabcn.com\\\/wp-content\\\/uploads\\\/2017\\\/06\\\/Alex.png\",\"width\":275,\"height\":103,\"caption\":\"Green Yoga Barcelona\"},\"image\":{\"@id\":\"https:\\\/\\\/greenyogabcn.com\\\/#\\\/schema\\\/logo\\\/image\\\/\"}}]}<\/script>\n<!-- \/ Yoast SEO plugin. -->","yoast_head_json":{"title":"aviso legal - Green Yoga Barcelona","robots":{"index":"noindex","follow":"nofollow"},"og_locale":"de_DE","og_type":"article","og_title":"aviso legal - Green Yoga Barcelona","og_description":"AVISO LEGAL Y CONDICIONES DE USO AVISO LEGAL 1. DATOS INDENTIFICATIVOS: Responsable: Aridane Vilardaga Viera (en adelante, www.greenyogabcn.com) con D.N.I n\u00famero 77739409F, y con domicilio a estos efectos en C \/ Enrique Granados, 70. 08008 Barcelona, Espa\u00f1a, telf.: +34 635029141 y correo-e: av@aridanevilardaga.com, es el creador y titular del sitio web&nbsp;www.greenyogabcn.com&nbsp;en adelante, \u201cel portal o [&hellip;]","og_url":"https:\/\/greenyogabcn.com\/de\/aviso-legal\/","og_site_name":"Green Yoga Barcelona","article_modified_time":"2023-04-11T07:42:53+00:00","twitter_card":"summary_large_image","twitter_misc":{"Est. reading time":"4 minutes"},"schema":{"@context":"https:\/\/schema.org","@graph":[{"@type":"WebPage","@id":"https:\/\/greenyogabcn.com\/de\/aviso-legal\/","url":"https:\/\/greenyogabcn.com\/de\/aviso-legal\/","name":"aviso legal - Green Yoga Barcelona","isPartOf":{"@id":"https:\/\/greenyogabcn.com\/#website"},"datePublished":"2023-04-11T06:11:24+00:00","dateModified":"2023-04-11T07:42:53+00:00","breadcrumb":{"@id":"https:\/\/greenyogabcn.com\/de\/aviso-legal\/#breadcrumb"},"inLanguage":"de-DE","potentialAction":[{"@type":"ReadAction","target":["https:\/\/greenyogabcn.com\/de\/aviso-legal\/"]}]},{"@type":"BreadcrumbList","@id":"https:\/\/greenyogabcn.com\/de\/aviso-legal\/#breadcrumb","itemListElement":[{"@type":"ListItem","position":1,"name":"Home","item":"https:\/\/greenyogabcn.com\/de\/"},{"@type":"ListItem","position":2,"name":"aviso legal"}]},{"@type":"WebSite","@id":"https:\/\/greenyogabcn.com\/#website","url":"https:\/\/greenyogabcn.com\/","name":"Green Yoga Barcelona","description":"Clases de yoga en Barcelona","publisher":{"@id":"https:\/\/greenyogabcn.com\/#organization"},"potentialAction":[{"@type":"SearchAction","target":{"@type":"EntryPoint","urlTemplate":"https:\/\/greenyogabcn.com\/?s={search_term_string}"},"query-input":{"@type":"PropertyValueSpecification","valueRequired":true,"valueName":"search_term_string"}}],"inLanguage":"de-DE"},{"@type":"Organization","@id":"https:\/\/greenyogabcn.com\/#organization","name":"Green Yoga Barcelona","url":"https:\/\/greenyogabcn.com\/","logo":{"@type":"ImageObject","inLanguage":"de-DE","@id":"https:\/\/greenyogabcn.com\/#\/schema\/logo\/image\/","url":"https:\/\/greenyogabcn.com\/wp-content\/uploads\/2017\/06\/Alex.png","contentUrl":"https:\/\/greenyogabcn.com\/wp-content\/uploads\/2017\/06\/Alex.png","width":275,"height":103,"caption":"Green Yoga Barcelona"},"image":{"@id":"https:\/\/greenyogabcn.com\/#\/schema\/logo\/image\/"}}]}},"_links":{"self":[{"href":"https:\/\/greenyogabcn.com\/de\/wp-json\/wp\/v2\/pages\/16342","targetHints":{"allow":["GET"]}}],"collection":[{"href":"https:\/\/greenyogabcn.com\/de\/wp-json\/wp\/v2\/pages"}],"about":[{"href":"https:\/\/greenyogabcn.com\/de\/wp-json\/wp\/v2\/types\/page"}],"author":[{"embeddable":true,"href":"https:\/\/greenyogabcn.com\/de\/wp-json\/wp\/v2\/users\/1"}],"replies":[{"embeddable":true,"href":"https:\/\/greenyogabcn.com\/de\/wp-json\/wp\/v2\/comments?post=16342"}],"version-history":[{"count":0,"href":"https:\/\/greenyogabcn.com\/de\/wp-json\/wp\/v2\/pages\/16342\/revisions"}],"wp:attachment":[{"href":"https:\/\/greenyogabcn.com\/de\/wp-json\/wp\/v2\/media?parent=16342"}],"curies":[{"name":"wp","href":"https:\/\/api.w.org\/{rel}","templated":true}]}}